{"id":268,"date":"2024-02-19T10:00:18","date_gmt":"2024-02-19T09:00:18","guid":{"rendered":"https:\/\/paliodeltributopriverno.it\/?page_id=268"},"modified":"2026-03-03T15:45:21","modified_gmt":"2026-03-03T14:45:21","slug":"trasparenza","status":"publish","type":"page","link":"https:\/\/paliodeltributopriverno.it\/?page_id=268","title":{"rendered":"Trasparenza"},"content":{"rendered":"\n<p>Obblighi di pubblicazione ai sensi dell\u2019art. 1 commi 125-129 della Legge 124\/2017.<\/p>\n\n\n\n<p>L\u2019Associazione&nbsp; Culturale \u201cIL PALIO DEL TRIBUTO DI PRIVERNO \u201c&nbsp; dal 2024 APS<\/p>\n\n\n\n<p>risulta assegnatario del contributo da parte del Ministero della Cultura&nbsp; sul Fondo Nazionale per le rievocazioni storiche&nbsp; nelle&nbsp; seguenti Annualit\u00e0:<\/p>\n\n\n\n<p>Annualit\u00e0 2025 non finanziata<\/p>\n\n\n\n<p>Annualit\u00e0 2024 non finanziata<\/p>\n\n\n\n<p>Annualit\u00e0 2023 non finanziata<\/p>\n\n\n\n<p>Annualit\u00e0&nbsp;2022 per euro 14.500,00<\/p>\n\n\n\n<p>Annualit\u00e0 2021 per euro 14.000,00<\/p>\n\n\n\n<p>Annualit\u00e0 2020 per euro 14.000,00<\/p>\n\n\n\n<p>Annualit\u00e0 2019: Progetto in rete con le Associazioni di Rievocazione Storica ed i rispettivi Comuni- Cori, Carpineto Romano, Priverno e Sermoneta per un totale &nbsp;DI euro 44.002,68; &nbsp;di tale importo ,Priverno&nbsp; ha beneficiato nello specifico&nbsp; di&nbsp; un contributo di 9.900,00 euro<br><br><\/p>\n","protected":false},"excerpt":{"rendered":"<p>Obblighi di pubblicazione ai sensi dell\u2019art. 1 commi 125-129 della Legge 124\/2017. L\u2019Associazione&nbsp; Culturale \u201cIL PALIO DEL TRIBUTO DI PRIVERNO \u201c&nbsp; dal 2024 APS risulta assegnatario del contributo da parte del Ministero della Cultura&nbsp; sul Fondo Nazionale per le rievocazioni storiche&nbsp; nelle&nbsp; seguenti Annualit\u00e0: Annualit\u00e0 2025 non finanziata Annualit\u00e0 2024 non finanziata Annualit\u00e0 2023 non [&hellip;]<\/p>\n","protected":false},"author":1,"featured_media":0,"parent":0,"menu_order":0,"comment_status":"closed","ping_status":"closed","template":"","meta":{"footnotes":""},"class_list":["post-268","page","type-page","status-publish","hentry"],"_links":{"self":[{"href":"https:\/\/paliodeltributopriverno.it\/index.php?rest_route=\/wp\/v2\/pages\/268","targetHints":{"allow":["GET"]}}],"collection":[{"href":"https:\/\/paliodeltributopriverno.it\/index.php?rest_route=\/wp\/v2\/pages"}],"about":[{"href":"https:\/\/paliodeltributopriverno.it\/index.php?rest_route=\/wp\/v2\/types\/page"}],"author":[{"embeddable":true,"href":"https:\/\/paliodeltributopriverno.it\/index.php?rest_route=\/wp\/v2\/users\/1"}],"replies":[{"embeddable":true,"href":"https:\/\/paliodeltributopriverno.it\/index.php?rest_route=%2Fwp%2Fv2%2Fcomments&post=268"}],"version-history":[{"count":3,"href":"https:\/\/paliodeltributopriverno.it\/index.php?rest_route=\/wp\/v2\/pages\/268\/revisions"}],"predecessor-version":[{"id":1031,"href":"https:\/\/paliodeltributopriverno.it\/index.php?rest_route=\/wp\/v2\/pages\/268\/revisions\/1031"}],"wp:attachment":[{"href":"https:\/\/paliodeltributopriverno.it\/index.php?rest_route=%2Fwp%2Fv2%2Fmedia&parent=268"}],"curies":[{"name":"wp","href":"https:\/\/api.w.org\/{rel}","templated":true}]}}