{"id":44,"date":"2024-02-18T15:16:03","date_gmt":"2024-02-18T14:16:03","guid":{"rendered":"https:\/\/paliodeltributopriverno.it\/?page_id=44"},"modified":"2024-02-21T01:07:00","modified_gmt":"2024-02-21T00:07:00","slug":"porta-romana","status":"publish","type":"page","link":"https:\/\/paliodeltributopriverno.it\/?page_id=44","title":{"rendered":"Porta Romana"},"content":{"rendered":"<div class=\"wp-block-image\">\n<figure class=\"aligncenter size-full is-resized\"><img loading=\"lazy\" decoding=\"async\" width=\"933\" height=\"919\" src=\"https:\/\/paliodeltributopriverno.it\/wp-content\/uploads\/2024\/02\/WhatsApp-Image-2024-02-18-at-14.33.41-2.jpeg\" alt=\"\" class=\"wp-image-55\" style=\"width:300px\" srcset=\"https:\/\/paliodeltributopriverno.it\/wp-content\/uploads\/2024\/02\/WhatsApp-Image-2024-02-18-at-14.33.41-2.jpeg 933w, https:\/\/paliodeltributopriverno.it\/wp-content\/uploads\/2024\/02\/WhatsApp-Image-2024-02-18-at-14.33.41-2-300x295.jpeg 300w, https:\/\/paliodeltributopriverno.it\/wp-content\/uploads\/2024\/02\/WhatsApp-Image-2024-02-18-at-14.33.41-2-768x756.jpeg 768w\" sizes=\"auto, (max-width: 933px) 100vw, 933px\" \/><\/figure>\n<\/div>\n\n\n<p>La Porta Romana comprende tutta quella parte dell&#8217;abitato racchiusa tra le mura civiche del versante meridionale e l&#8217;asse stradale costituito da via S. Giovanni, via Pagani e via Baboto. Le mura in questo settore avevano due porte: Porta della Stella adiacente all&#8217;abside della chiesa di S. Maria della Stella, demolita dopo l&#8217;Unit\u00e0 d&#8217;Italia e Porta Romana che \u00e8 giunta parzialmente ai nostri giorni col nome di Arco di S. Vito o Porta S. Marco. Il trasferimento del nome di Porta Romana alla Porta Caetana (piazzale XX Settembre) \u00e8 avvenuto all&#8217;inizio del XVIII secolo. Dell&#8217;antica struttura di Porta Romana \u00e8 rimasto solo l&#8217;arco esterno.<\/p>\n\n\n\n<p>La chiesa dei SS. Cristoforo e Vito (XIII-XIV secolo) che si trova nel cuore del rione ha perso quasi tutto l&#8217;arredo originario e gli antichi affreschi: tuttavia sono ancora presenti gli elementi scultorei dei due altari ed altri murati nel presbiterio insieme a qualche rovinato e frammentario affresco. Particolarmente interessante per la semplice e armoniosa linearit\u00e0 \u00e8 la cappella gi\u00e0 appartenuta alla famiglia Tacconi dove, nel 1363, fu inumato Leonardo Tacconi vescovo di Fondi.<\/p>\n\n\n\n<p>Nella piazzetta rionale si innalza l&#8217;oratorio di S. Maria della Stella fatto erigere dalla omonima confraternita &#8211; che tuttora vi risiede &#8211; nel XIV o XV secolo, nel quale oltre al rimaneggiato affresco dell&#8217;altare maggiore che da il titolo alla chiesa si conserva un interessante dipinto del XVI secolo (Madonna col Bambino) ed alcuni frammenti scultorei di epoca romana e alto medievale.<\/p>\n\n\n\n<p>Nel rione c&#8217;erano altre due chiese: S. Vito, da tempo scomparsa, e S. Chiara tuttora esistente, sconsacrata, nell&#8217;omonima piazza. La chiesa edificata dalle Clarisse a partire dal XVI secolo, quando ebbero quel luogo, si presenta nella veste ottocentesca acquisita durante i lavori compiuti all&#8217;inizio del XIX secolo. Le tre grandi pale che ornavano gli altari della chiesa (Gloria di S. Chiara, Madonna del Rosario e Visione di S. Filippo Neri) sono state recentemente restaurate ed esposte nelle aule consiliari del Palazzo Comunale di Priverno.<\/p>\n\n\n\n<p>La parte alta del rione nel passato era abitata dalle famiglie patrizie, le cui dimore esistono ancora anche se trasformate per altri usi o in corso di restauro. I Catena vi avevano la loro dimora che cedettero per la costruzione del vescovado, attualmente occupato dalla XIII Comunit\u00e0 Montana dei Monti Lepini e dal Museo Archeologico Comunale. Molto interessante \u00e8 la dimora Baratta, costruita intorno ad una antichissima torre medievale e poi adibita a sede dell&#8217;Orfanotrofio femminile &#8220;Eleonora Baratta&#8221; che vi \u00e8 rimasto durante tutto il XX secolo. Senza dubbio il migliore di tutti gli edifici signorili di Priverno \u00e8 il palazzo Zaccaleoni, ora in corso di restauro, sorto su case medievali a partire dalla fine del XVI secolo. Come negli altri rioni di Priverno, le aree periferiche delle mura erano abitate dai contadini che costituivano una parte importante della popolazione di Priverno.<\/p>\n\n\n\n<div class=\"wp-block-group is-nowrap is-layout-flex wp-container-core-group-is-layout-ad2f72ca wp-block-group-is-layout-flex\">\n<figure data-wp-context=\"{&quot;imageId&quot;:&quot;69eccbdd219b9&quot;}\" data-wp-interactive=\"core\/image\" data-wp-key=\"69eccbdd219b9\" class=\"wp-block-image size-large wp-lightbox-container\"><img loading=\"lazy\" decoding=\"async\" width=\"960\" height=\"762\" data-wp-class--hide=\"state.isContentHidden\" data-wp-class--show=\"state.isContentVisible\" data-wp-init=\"callbacks.setButtonStyles\" data-wp-on--click=\"actions.showLightbox\" data-wp-on--load=\"callbacks.setButtonStyles\" data-wp-on-window--resize=\"callbacks.setButtonStyles\" src=\"https:\/\/paliodeltributopriverno.it\/wp-content\/uploads\/2024\/02\/WhatsApp-Image-2024-02-19-at-09.32.20.jpeg\" alt=\"\" class=\"wp-image-300\" srcset=\"https:\/\/paliodeltributopriverno.it\/wp-content\/uploads\/2024\/02\/WhatsApp-Image-2024-02-19-at-09.32.20.jpeg 960w, https:\/\/paliodeltributopriverno.it\/wp-content\/uploads\/2024\/02\/WhatsApp-Image-2024-02-19-at-09.32.20-300x238.jpeg 300w, https:\/\/paliodeltributopriverno.it\/wp-content\/uploads\/2024\/02\/WhatsApp-Image-2024-02-19-at-09.32.20-768x610.jpeg 768w\" sizes=\"auto, (max-width: 960px) 100vw, 960px\" \/><button\n\t\t\tclass=\"lightbox-trigger\"\n\t\t\ttype=\"button\"\n\t\t\taria-haspopup=\"dialog\"\n\t\t\taria-label=\"Enlarge\"\n\t\t\tdata-wp-init=\"callbacks.initTriggerButton\"\n\t\t\tdata-wp-on--click=\"actions.showLightbox\"\n\t\t\tdata-wp-style--right=\"state.imageButtonRight\"\n\t\t\tdata-wp-style--top=\"state.imageButtonTop\"\n\t\t>\n\t\t\t<svg xmlns=\"http:\/\/www.w3.org\/2000\/svg\" width=\"12\" height=\"12\" fill=\"none\" viewBox=\"0 0 12 12\">\n\t\t\t\t<path fill=\"#fff\" d=\"M2 0a2 2 0 0 0-2 2v2h1.5V2a.5.5 0 0 1 .5-.5h2V0H2Zm2 10.5H2a.5.5 0 0 1-.5-.5V8H0v2a2 2 0 0 0 2 2h2v-1.5ZM8 12v-1.5h2a.5.5 0 0 0 .5-.5V8H12v2a2 2 0 0 1-2 2H8Zm2-12a2 2 0 0 1 2 2v2h-1.5V2a.5.5 0 0 0-.5-.5H8V0h2Z\" \/>\n\t\t\t<\/svg>\n\t\t<\/button><\/figure>\n\n\n\n<figure data-wp-context=\"{&quot;imageId&quot;:&quot;69eccbdd21ce6&quot;}\" data-wp-interactive=\"core\/image\" data-wp-key=\"69eccbdd21ce6\" class=\"wp-block-image size-large wp-lightbox-container\"><img loading=\"lazy\" decoding=\"async\" width=\"639\" height=\"1024\" data-wp-class--hide=\"state.isContentHidden\" data-wp-class--show=\"state.isContentVisible\" data-wp-init=\"callbacks.setButtonStyles\" data-wp-on--click=\"actions.showLightbox\" data-wp-on--load=\"callbacks.setButtonStyles\" data-wp-on-window--resize=\"callbacks.setButtonStyles\" src=\"https:\/\/paliodeltributopriverno.it\/wp-content\/uploads\/2024\/02\/WhatsApp-Image-2024-02-20-at-15.35.38-639x1024.jpeg\" alt=\"\" class=\"wp-image-452\" srcset=\"https:\/\/paliodeltributopriverno.it\/wp-content\/uploads\/2024\/02\/WhatsApp-Image-2024-02-20-at-15.35.38-639x1024.jpeg 639w, https:\/\/paliodeltributopriverno.it\/wp-content\/uploads\/2024\/02\/WhatsApp-Image-2024-02-20-at-15.35.38-187x300.jpeg 187w, https:\/\/paliodeltributopriverno.it\/wp-content\/uploads\/2024\/02\/WhatsApp-Image-2024-02-20-at-15.35.38.jpeg 720w\" sizes=\"auto, (max-width: 639px) 100vw, 639px\" \/><button\n\t\t\tclass=\"lightbox-trigger\"\n\t\t\ttype=\"button\"\n\t\t\taria-haspopup=\"dialog\"\n\t\t\taria-label=\"Enlarge\"\n\t\t\tdata-wp-init=\"callbacks.initTriggerButton\"\n\t\t\tdata-wp-on--click=\"actions.showLightbox\"\n\t\t\tdata-wp-style--right=\"state.imageButtonRight\"\n\t\t\tdata-wp-style--top=\"state.imageButtonTop\"\n\t\t>\n\t\t\t<svg xmlns=\"http:\/\/www.w3.org\/2000\/svg\" width=\"12\" height=\"12\" fill=\"none\" viewBox=\"0 0 12 12\">\n\t\t\t\t<path fill=\"#fff\" d=\"M2 0a2 2 0 0 0-2 2v2h1.5V2a.5.5 0 0 1 .5-.5h2V0H2Zm2 10.5H2a.5.5 0 0 1-.5-.5V8H0v2a2 2 0 0 0 2 2h2v-1.5ZM8 12v-1.5h2a.5.5 0 0 0 .5-.5V8H12v2a2 2 0 0 1-2 2H8Zm2-12a2 2 0 0 1 2 2v2h-1.5V2a.5.5 0 0 0-.5-.5H8V0h2Z\" \/>\n\t\t\t<\/svg>\n\t\t<\/button><\/figure>\n<\/div>\n","protected":false},"excerpt":{"rendered":"<p>La Porta Romana comprende tutta quella parte dell&#8217;abitato racchiusa tra le mura civiche del versante meridionale e l&#8217;asse stradale costituito da via S. Giovanni, via Pagani e via Baboto. Le mura in questo settore avevano due porte: Porta della Stella adiacente all&#8217;abside della chiesa di S. Maria della Stella, demolita dopo l&#8217;Unit\u00e0 d&#8217;Italia e Porta [&hellip;]<\/p>\n","protected":false},"author":1,"featured_media":0,"parent":0,"menu_order":0,"comment_status":"closed","ping_status":"closed","template":"","meta":{"footnotes":""},"class_list":["post-44","page","type-page","status-publish","hentry"],"_links":{"self":[{"href":"https:\/\/paliodeltributopriverno.it\/index.php?rest_route=\/wp\/v2\/pages\/44","targetHints":{"allow":["GET"]}}],"collection":[{"href":"https:\/\/paliodeltributopriverno.it\/index.php?rest_route=\/wp\/v2\/pages"}],"about":[{"href":"https:\/\/paliodeltributopriverno.it\/index.php?rest_route=\/wp\/v2\/types\/page"}],"author":[{"embeddable":true,"href":"https:\/\/paliodeltributopriverno.it\/index.php?rest_route=\/wp\/v2\/users\/1"}],"replies":[{"embeddable":true,"href":"https:\/\/paliodeltributopriverno.it\/index.php?rest_route=%2Fwp%2Fv2%2Fcomments&post=44"}],"version-history":[{"count":0,"href":"https:\/\/paliodeltributopriverno.it\/index.php?rest_route=\/wp\/v2\/pages\/44\/revisions"}],"wp:attachment":[{"href":"https:\/\/paliodeltributopriverno.it\/index.php?rest_route=%2Fwp%2Fv2%2Fmedia&parent=44"}],"curies":[{"name":"wp","href":"https:\/\/api.w.org\/{rel}","templated":true}]}}