{"id":463,"date":"2024-03-03T21:12:15","date_gmt":"2024-03-03T20:12:15","guid":{"rendered":"https:\/\/paliodeltributopriverno.it\/?page_id=463"},"modified":"2024-03-03T21:12:17","modified_gmt":"2024-03-03T20:12:17","slug":"chi-siamo","status":"publish","type":"page","link":"https:\/\/paliodeltributopriverno.it\/?page_id=463","title":{"rendered":"Chi siamo"},"content":{"rendered":"\n<h2 class=\"wp-block-heading\">Il PALIO DEL TRIBUTO DI PRIVERNO<\/h2>\n\n\n\n<p>Privernum anticamente situato nella Valle dell\u2019Amaseno, importante centro della civilt\u00e0 Volsca fu distrutto dai barbari, gli abitanti fuggirono e si insediarono, nelle vicine alture, dando vita ai Borghi Medioevali. La Rievocazione Storica&nbsp;<strong>\u201cIl Palio del Tributo di Priverno<\/strong>\u201d nasce nel 1993 da una ricerca dello storico E. Angelini, ambientata nella seconda met\u00e0 del XVI secolo, quando i Castelli di&nbsp;<strong>Roccagorga, Maenza, Prossedi e Sonnino dovettero pagare un tributo a Priverno<\/strong>, sul cui territorio erano sorti. La narrazione del Palio avviene nel suggestivo Borgo Medioevale di Priverno, di fatto esso consiste in un Pot Pourri di appuntamenti storico-culturali, artistici musicali&nbsp; &nbsp;enogastronomici e non solo. &nbsp;Il Palio inizia con un primo appuntamento a fine maggio: Presentazione<strong>&nbsp;del drappo,<\/strong>&nbsp;che consiste in un dipinto realizzato su tessuto, produzione artistica prodotta, ogni anno da un pittore diverso; il drappo verr\u00e0 poi consegnato al cavaliere vincente nella competizione della Corsa all\u2019Anello.&nbsp; Nel &nbsp;mese di giugno la citt\u00e0 \u00e8 in festa, hanno inizio&nbsp;<strong>Le Feste delle Antiche&nbsp; Porte di Priverno<\/strong>:&nbsp;<em>Paolina, Posterula, Romana e<\/em>&nbsp;<em>Campanina<\/em>&nbsp;che animano la&nbsp; citt\u00e0 con i &nbsp;diversi colori delle bandiere e l\u2019araldica delle rispettive contrade; le &nbsp;Porte addobbate&nbsp; a festa con i drappi&nbsp;colorati , coinvolgono gli &nbsp;spettatori locali ma anche i &nbsp;numerosi turisti, con &nbsp;&nbsp;&nbsp;musiche e danze popolari con la &nbsp;&nbsp;riscoperta &nbsp;di &nbsp;&nbsp;antichi mestieri e produzioni&nbsp; artigianali; nei vicoli &nbsp;e piazzette si possono &nbsp;ammirare mostre fotografiche e pittoriche a tema, di artisti&nbsp; locali ma anche provenienti da altre citt\u00e0, si possono &nbsp;degustare prodotti enogastronomici del territorio. Insomma, nel periodo del Palio si respira un\u2019atmosfera di allegria, ma si avverte anche una sana competizione tra i contradaioli, sostenitori delle rispettive Porte. Le Feste delle contrade, come tutti gli appuntamenti del Palio svolgono anche un\u2019importante funzione aggregante ed inclusiva con il coinvolgimento di tante persone di diversa et\u00e0 ed estrazione sociale che con entusiasmo, collaborano direttamente o indirettamente nella realizzazione del Palio, ormai &nbsp;&nbsp;considerato da tutta la Comunit\u00e0 privernate, patrimonio intangibile da proteggere e preservare. &nbsp;IL&nbsp;<strong>Corteo Storico con fiaccolata (<\/strong>formato da Ufficiali,Centurioni delle quattro porte, dagli Armigeri con lancia, dal Cardinale Tolomeo Gallio, da Nobili, Nobildonne, Alfieri, Locandiere e Popolani ecc\u2026), che si snoda, nelle caratteristiche piazzette e vicoli del centro storico. L\u2019arrivo del Corteo, viene preannunciato dal rullare incessante dei tamburi e dagli squilli delle trombe, giungendo infine nella Piazza centrale, Giovanni XXIII, dove si erge maestosa la caratteristica &nbsp;scalinata che conduce all\u2019imponente &nbsp;Cattedrale ed al &nbsp;Palazzo Comunale. La piazza diventa, quindi, uno straordinario palcoscenico &nbsp;naturale, dove si susseguono le diverse performances: la presentazione ed estrazione dei cavalieri delle quattro porte per la competizione equestre, &nbsp;le eleganti &nbsp;esibizioni &nbsp;di danza antica del &nbsp;<strong>Carola Privernensis,&nbsp;<\/strong>gruppodi danza antica e gli straordinari giochi di bandiera &nbsp;degli sbandieratori junior &nbsp;privernati&nbsp;<strong>\u201cle Aquile della Camilla\u201d,&nbsp;<\/strong>&nbsp;entrambi i gruppi voluti fortemente&nbsp; ed ideati dall\u2019attuale Presidente in carica Prof.ssa Valentina De Angelis; per non parlare degli &nbsp;storici &nbsp;Sbandieratori e tamburi di Carpineto Romano che costituiscono un valore aggiunto, con le loro straordinarie performances altre &nbsp;attrattivit\u00e0 storiche vengono proposte nel corso della serata, variando &nbsp;di anno in anno. Va inoltre sottolineata la volont\u00e0 costante dell\u2019Associazione di avvicinare fin dalla tenera et\u00e0, i giovani al Palio, investendo in progetti rivolti a studenti delle Scuole Primarie e Secondarie del territorio, grazie anche alla collaborazione di numerosi docenti che si rendono disponibili a fare da guida ai giovani artisti che esprimono la loro creativit\u00e0 nei lavori realizzati. Dal 2018 che il palio \u00e8 entrato a pieno titolo, nelle scuole de territorio, con diverse progettualit\u00e0 rivolgendosi sia a studenti della Scuola Primaria che a quelli della Secondaria. I lavori prodotti, dai giovani, ogni anno, vengono esposti in mostre allestite presso i Portici Comunali di Priverno nel mese di maggio; \u00e8 prevista inoltre la premiazione dei lavori, ritenuti migliori da una giuria istituita ad hoc, inoltre viene fornito, materiale didattico a&nbsp; &nbsp;tutte le classi partecipanti al progetto.<\/p>\n\n\n\n<p>&nbsp;<strong>La prima domenica di luglio<\/strong>, rappresenta l\u2019appuntamento pi\u00f9 atteso: Il Corteo<strong>,&nbsp;<\/strong>costituito da figuranti con costumi storici, raffigurano personaggi del Rinascimento Privernate, come il Cardinale Tolomeo Gallio, il Potest\u00e0, i Centurioni gli Ufficiali e gli Armigeri delle quattro antiche Porte, Cavalieri e Nobildonne delle casate nobili di Priverno, ed ancora Alfieri, locandiere, popolani ecc. L\u2019imponente &nbsp;Corteo \u00e8 &nbsp;composto anche&nbsp; dalle delegazioni storiche delle citt\u00e0 tributarie, come &nbsp;Sonnino, Prossedi, Maenza, esse&nbsp; rappresentano l\u2019elemento fondante del racconto storico e della Cerimonia del Palio, che prevede il &nbsp;pagamento di un Tributo &nbsp;e la donazione di un cero (di cera vergine) per mano della &nbsp;Comunit\u00e0 Sonninese, alle antiche Maestranze&nbsp; privernat<strong>e;&nbsp;<\/strong>La cerimonia del pagamento del tributo, viene precedutadall\u2019<strong>Offerta del vino<\/strong>&nbsp;aiCenturioni ed agli Armigeri, &nbsp;come da racconto storico. &nbsp;Negli ultimi anni (fatta eccezione per il periodo pandemico) il Palio si \u00e8 arricchito ancor di pi\u00f9, della presenza straordinaria di delegazioni di altre citt\u00e0 Rievocative del Lazio come: Carpineto Romano, Cori, Sermoneta, Anagni, Subiaco, Paliano ecc\u2026 &nbsp;anch\u2019esse federate alla F.M.S.L.(Federazione Manifestazioni Storiche del Lazio). Nel Corteo storico, i figuranti delle diverse citt\u00e0 Rievocative con i loro bellissimi e preziosi costumi rappresentano spaccati di periodi storici differenti, formando spettacolari quadri che evidenziano e fanno conoscere, aspetti identitari e specifici delle comunit\u00e0 presenti. La partecipazione di queste citt\u00e0 Rievocative al Palio, incuriosiscono e contribuiscono attrarre un maggior numero di turisti; Possiamo affermare senza ombra di dubbio, che il momento pi\u00f9 emozionante del palio \u00e8 la&nbsp;<strong>Corsa all\u2019Anello, dei Cavalieri delle quattro porte<\/strong>&nbsp;che si sfidano, sfrecciando a gran velocit\u00e0 sul percorso transennato, con i bellissimi cavalli, davanti agli attenti sguardi di tutti gli spettatori, che tifano a gran voce per i cavalieri della propria Porta.<\/p>\n\n\n\n<p>\u00a0Il Palio del Tributo rappresenta un volano per la promozione turistica del territorio Lepino, \u00a0\u00a0insieme ad altre quattro citt\u00e0 Rievocative Lepine \u2013\u00a0 Cori, Carpineto Romano , Sermoneta, Norma, \u00a0\u00a0tutte Federate \u00a0alla \u00a0F.M.S.L., \u00a0si \u00e8 stabilita una proficua \u00a0collaborazione che \u00a0ha \u00a0portato alla\u00a0 pubblicazione di un\u2019opera storico-culturale, unica nel suo genere, curata dallo Storico \u00a0Italo Campagna \u201c<strong>LE RIEVOCAZIONI STORICHE DEI MONTI LEPINI\u201d\u00a0<\/strong>la cui presentazione \u00e8 avvenuta \u00a0\u00a0dapprima \u00a0a Roma 2023, \u00a0presso il \u00a0Palazzo Valentini, successivamente \u00a0nelle\u00a0 cinque citt\u00e0 coinvolte. \u00a0Il Turismo legato alle Rievocazioni \u00e8 un turismo, diverso che sta crescendo in maniera esponenziale, soprattutto negli ultimi anni, grazie ad una maggiore informazione e consapevolezza di quelle persone che intendono privilegiare gli aspetti emozionali e sensoriali delle loro vacanze.<\/p>\n\n\n\n<p>Attraverso la Rievocazione, lo spettatore viene catapultato nella storia, ci\u00f2 favorisce la conoscenza e la valorizzazione degli aspetti identitari delle diverse citt\u00e0 coinvolte. Per consentire la crescita delle iniziative ed eventi del Palio del Tributo di Priverno, risulta necessario e prezioso il supporto di tutti i soggetti pubblici e privati che come noi, credono nell\u2019 importanza della storia, dell\u2019arte, della cultura, delle tradizioni, aspetti identitari e patrimonio immateriale di una Comunit\u00e0, da conoscere valorizzare, conservare e proteggere, per trasmetterle alle future generazioni.<\/p>\n\n\n\n<p class=\"has-small-font-size\">                                                                                                                                                                                               IL PRESIDENTE<\/p>\n\n\n\n<p>\u00a0\u00a0\u00a0\u00a0\u00a0\u00a0\u00a0\u00a0\u00a0\u00a0\u00a0\u00a0\u00a0\u00a0\u00a0\u00a0\u00a0\u00a0\u00a0\u00a0\u00a0\u00a0\u00a0\u00a0\u00a0\u00a0\u00a0\u00a0\u00a0\u00a0\u00a0\u00a0\u00a0\u00a0\u00a0\u00a0\u00a0\u00a0\u00a0\u00a0\u00a0\u00a0\u00a0\u00a0\u00a0\u00a0\u00a0\u00a0\u00a0\u00a0\u00a0\u00a0\u00a0\u00a0\u00a0\u00a0\u00a0\u00a0\u00a0\u00a0\u00a0\u00a0\u00a0\u00a0\u00a0\u00a0\u00a0\u00a0\u00a0\u00a0\u00a0\u00a0\u00a0\u00a0\u00a0\u00a0\u00a0\u00a0\u00a0\u00a0\u00a0\u00a0\u00a0\u00a0\u00a0\u00a0\u00a0\u00a0\u00a0\u00a0\u00a0\u00a0\u00a0\u00a0\u00a0\u00a0\u00a0\u00a0\u00a0\u00a0\u00a0\u00a0\u00a0\u00a0\u00a0\u00a0\u00a0\u00a0\u00a0\u00a0\u00a0\u00a0\u00a0\u00a0\u00a0\u00a0\u00a0\u00a0\u00a0\u00a0\u00a0\u00a0\u00a0\u00a0\u00a0\u00a0\u00a0\u00a0\u00a0\u00a0\u00a0                                          Valentina De Angelis<\/p>\n","protected":false},"excerpt":{"rendered":"<p>Il PALIO DEL TRIBUTO DI PRIVERNO Privernum anticamente situato nella Valle dell\u2019Amaseno, importante centro della civilt\u00e0 Volsca fu distrutto dai barbari, gli abitanti fuggirono e si insediarono, nelle vicine alture, dando vita ai Borghi Medioevali. La Rievocazione Storica&nbsp;\u201cIl Palio del Tributo di Priverno\u201d nasce nel 1993 da una ricerca dello storico E. Angelini, ambientata nella [&hellip;]<\/p>\n","protected":false},"author":1,"featured_media":0,"parent":0,"menu_order":0,"comment_status":"closed","ping_status":"closed","template":"","meta":{"footnotes":""},"class_list":["post-463","page","type-page","status-publish","hentry"],"_links":{"self":[{"href":"https:\/\/paliodeltributopriverno.it\/index.php?rest_route=\/wp\/v2\/pages\/463","targetHints":{"allow":["GET"]}}],"collection":[{"href":"https:\/\/paliodeltributopriverno.it\/index.php?rest_route=\/wp\/v2\/pages"}],"about":[{"href":"https:\/\/paliodeltributopriverno.it\/index.php?rest_route=\/wp\/v2\/types\/page"}],"author":[{"embeddable":true,"href":"https:\/\/paliodeltributopriverno.it\/index.php?rest_route=\/wp\/v2\/users\/1"}],"replies":[{"embeddable":true,"href":"https:\/\/paliodeltributopriverno.it\/index.php?rest_route=%2Fwp%2Fv2%2Fcomments&post=463"}],"version-history":[{"count":2,"href":"https:\/\/paliodeltributopriverno.it\/index.php?rest_route=\/wp\/v2\/pages\/463\/revisions"}],"predecessor-version":[{"id":465,"href":"https:\/\/paliodeltributopriverno.it\/index.php?rest_route=\/wp\/v2\/pages\/463\/revisions\/465"}],"wp:attachment":[{"href":"https:\/\/paliodeltributopriverno.it\/index.php?rest_route=%2Fwp%2Fv2%2Fmedia&parent=463"}],"curies":[{"name":"wp","href":"https:\/\/api.w.org\/{rel}","templated":true}]}}