{"id":48,"date":"2024-02-18T15:22:12","date_gmt":"2024-02-18T14:22:12","guid":{"rendered":"https:\/\/paliodeltributopriverno.it\/?page_id=48"},"modified":"2024-03-03T22:05:20","modified_gmt":"2024-03-03T21:05:20","slug":"porta-campanina","status":"publish","type":"page","link":"https:\/\/paliodeltributopriverno.it\/?page_id=48","title":{"rendered":"Porta Campanina"},"content":{"rendered":"<div class=\"wp-block-image\">\n<figure class=\"aligncenter size-full is-resized\"><img loading=\"lazy\" decoding=\"async\" width=\"874\" height=\"913\" src=\"https:\/\/paliodeltributopriverno.it\/wp-content\/uploads\/2024\/02\/WhatsApp-Image-2024-02-18-at-14.33.40-1.jpeg\" alt=\"\" class=\"wp-image-58\" style=\"width:300px\" srcset=\"https:\/\/paliodeltributopriverno.it\/wp-content\/uploads\/2024\/02\/WhatsApp-Image-2024-02-18-at-14.33.40-1.jpeg 874w, https:\/\/paliodeltributopriverno.it\/wp-content\/uploads\/2024\/02\/WhatsApp-Image-2024-02-18-at-14.33.40-1-287x300.jpeg 287w, https:\/\/paliodeltributopriverno.it\/wp-content\/uploads\/2024\/02\/WhatsApp-Image-2024-02-18-at-14.33.40-1-768x802.jpeg 768w\" sizes=\"auto, (max-width: 874px) 100vw, 874px\" \/><\/figure>\n<\/div>\n\n\n<p>La Porta Campanina comprende quel settore dell&#8217;abitato racchiuso fra via Consolare (da piazza del Comune a Porta Napoletana, anticamente Porta Posterula), via S. Giorgio e il perimetro delle mura civiche dalla estremit\u00e0 settentrionale di via S. Giorgio a Porta Posterula. Il rione prende il nome dalla Porta Campanina o Campagnola, menzionata la prima volta nel 1181, che si apriva nelle mura presso la chiesa di S. Benedetto, in asse con la via Leone Leo. Cos\u00ec la descrisse Teodoro Valle nel 1646: Scorgesi in quesf \u00ecstessa parte presso la detta chiesa (S. Benedetto), e proprio nella muraglia che cinge la Citt\u00e0 una porta con arco voltato di viva pietra, alla destra, e sinistra della quale si veggono dei Leoni di Marmo murati anche molto antichi. La porta ed i muri che la fiancheggiavano furono demoliti prima del 1910.<\/p>\n\n\n\n<p>Nell&#8217;ambito del rione si trova la chiesa di S. Benedetto, la pi\u00f9 antica di Priverno, risalente probabilmente al IX-X secolo, con affreschi del XIII secolo ed altri pi\u00f9 recenti fra i quali il resto di una Annunciazione, attribuita a Pietro Coleberti da Piperno, e quelli dell&#8217;abside, opera del XVI secolo dovuta, forse, a Pomponio Palombo pittore originario di Villa S. Stefano, ma residente a Priverno. La chiesa per secoli \u00e8 stata parrocchia abbaziale di Fossanova gestita da parroci cistercensi almeno fino al XVII secolo; solo con la soppressione di Fossanova (1810) \u00e8 passata definitivamente alla gestione del clero secolare.<\/p>\n\n\n\n<p>In fondo alla via S. Giorgio, a ridosso delle mura, vi era un&#8217;altra chiesa dedi\u00accata a questo santo &#8211; documentata dal XIII secolo e rimasta aperta al culto fino alla seconda met\u00e0 del XVIII &#8211; di cui restano solo alcuni ruderi compresi quelli della parete absidale.<\/p>\n\n\n\n<p>Sulla via S. Giorgio si innalza una bella facciata della fine del XIII secolo appartenente ad un edificio che attraversa tutto l&#8217;isolato racchiuso fra via S. Giorgio e via Cavour. L&#8217;edificio, attualmente in fase di restauro, per le sue caratteristiche architettoniche pu\u00f2 ritenersi l&#8217;antico bargello della citt\u00e0.<\/p>\n\n\n\n<p>Tra gli edifici di via Consolare si distinguono due costruzioni del XVIII secolo dovute alla famiglia Locatelli e alla famiglia Crossetti, poi Spadaro.<\/p>\n\n\n\n<p>Le vie interne del rione sono tutte caratterizzate da abitazioni medievali molte delle quali conservano ancora le antiche &#8220;cimase&#8221; (scale esterne) e piccoli portali ogivali.<\/p>\n\n\n\n<p>Fino alla met\u00e0 del &#8216;900 nel rione Campanina, soprattutto in via Garibaldi e nelle adiacenze di Porta Napoletana, operavano ancora abili artigiani del rame battuto, specializzati nella confezione di recipienti &#8211; conche, conconi, tegami, paioli, ecc. &#8211; necessari per la cucina e per altri usi domestici.<\/p>\n\n\n\n<div class=\"wp-block-group is-nowrap is-layout-flex wp-container-core-group-is-layout-ad2f72ca wp-block-group-is-layout-flex\">\n<figure data-wp-context=\"{&quot;imageId&quot;:&quot;69eccbee8c343&quot;}\" data-wp-interactive=\"core\/image\" data-wp-key=\"69eccbee8c343\" class=\"wp-block-image size-large wp-lightbox-container\"><img loading=\"lazy\" decoding=\"async\" width=\"1024\" height=\"683\" data-wp-class--hide=\"state.isContentHidden\" data-wp-class--show=\"state.isContentVisible\" data-wp-init=\"callbacks.setButtonStyles\" data-wp-on--click=\"actions.showLightbox\" data-wp-on--load=\"callbacks.setButtonStyles\" data-wp-on-window--resize=\"callbacks.setButtonStyles\" src=\"https:\/\/paliodeltributopriverno.it\/wp-content\/uploads\/2024\/02\/WhatsApp-Image-2024-02-19-at-09.29.34-2-1024x683.jpeg\" alt=\"\" class=\"wp-image-259\" srcset=\"https:\/\/paliodeltributopriverno.it\/wp-content\/uploads\/2024\/02\/WhatsApp-Image-2024-02-19-at-09.29.34-2-1024x683.jpeg 1024w, https:\/\/paliodeltributopriverno.it\/wp-content\/uploads\/2024\/02\/WhatsApp-Image-2024-02-19-at-09.29.34-2-300x200.jpeg 300w, https:\/\/paliodeltributopriverno.it\/wp-content\/uploads\/2024\/02\/WhatsApp-Image-2024-02-19-at-09.29.34-2-768x512.jpeg 768w, https:\/\/paliodeltributopriverno.it\/wp-content\/uploads\/2024\/02\/WhatsApp-Image-2024-02-19-at-09.29.34-2.jpeg 1080w\" sizes=\"auto, (max-width: 1024px) 100vw, 1024px\" \/><button\n\t\t\tclass=\"lightbox-trigger\"\n\t\t\ttype=\"button\"\n\t\t\taria-haspopup=\"dialog\"\n\t\t\taria-label=\"Enlarge\"\n\t\t\tdata-wp-init=\"callbacks.initTriggerButton\"\n\t\t\tdata-wp-on--click=\"actions.showLightbox\"\n\t\t\tdata-wp-style--right=\"state.imageButtonRight\"\n\t\t\tdata-wp-style--top=\"state.imageButtonTop\"\n\t\t>\n\t\t\t<svg xmlns=\"http:\/\/www.w3.org\/2000\/svg\" width=\"12\" height=\"12\" fill=\"none\" viewBox=\"0 0 12 12\">\n\t\t\t\t<path fill=\"#fff\" d=\"M2 0a2 2 0 0 0-2 2v2h1.5V2a.5.5 0 0 1 .5-.5h2V0H2Zm2 10.5H2a.5.5 0 0 1-.5-.5V8H0v2a2 2 0 0 0 2 2h2v-1.5ZM8 12v-1.5h2a.5.5 0 0 0 .5-.5V8H12v2a2 2 0 0 1-2 2H8Zm2-12a2 2 0 0 1 2 2v2h-1.5V2a.5.5 0 0 0-.5-.5H8V0h2Z\" \/>\n\t\t\t<\/svg>\n\t\t<\/button><\/figure>\n\n\n\n<figure data-wp-context=\"{&quot;imageId&quot;:&quot;69eccbee8c6e1&quot;}\" data-wp-interactive=\"core\/image\" data-wp-key=\"69eccbee8c6e1\" class=\"wp-block-image size-full wp-lightbox-container\"><img loading=\"lazy\" decoding=\"async\" width=\"720\" height=\"686\" data-wp-class--hide=\"state.isContentHidden\" data-wp-class--show=\"state.isContentVisible\" data-wp-init=\"callbacks.setButtonStyles\" data-wp-on--click=\"actions.showLightbox\" data-wp-on--load=\"callbacks.setButtonStyles\" data-wp-on-window--resize=\"callbacks.setButtonStyles\" src=\"https:\/\/paliodeltributopriverno.it\/wp-content\/uploads\/2024\/03\/WhatsApp-Image-2024-02-20-at-15.35.38-6.jpeg\" alt=\"\" class=\"wp-image-537\" srcset=\"https:\/\/paliodeltributopriverno.it\/wp-content\/uploads\/2024\/03\/WhatsApp-Image-2024-02-20-at-15.35.38-6.jpeg 720w, https:\/\/paliodeltributopriverno.it\/wp-content\/uploads\/2024\/03\/WhatsApp-Image-2024-02-20-at-15.35.38-6-300x286.jpeg 300w\" sizes=\"auto, (max-width: 720px) 100vw, 720px\" \/><button\n\t\t\tclass=\"lightbox-trigger\"\n\t\t\ttype=\"button\"\n\t\t\taria-haspopup=\"dialog\"\n\t\t\taria-label=\"Enlarge\"\n\t\t\tdata-wp-init=\"callbacks.initTriggerButton\"\n\t\t\tdata-wp-on--click=\"actions.showLightbox\"\n\t\t\tdata-wp-style--right=\"state.imageButtonRight\"\n\t\t\tdata-wp-style--top=\"state.imageButtonTop\"\n\t\t>\n\t\t\t<svg xmlns=\"http:\/\/www.w3.org\/2000\/svg\" width=\"12\" height=\"12\" fill=\"none\" viewBox=\"0 0 12 12\">\n\t\t\t\t<path fill=\"#fff\" d=\"M2 0a2 2 0 0 0-2 2v2h1.5V2a.5.5 0 0 1 .5-.5h2V0H2Zm2 10.5H2a.5.5 0 0 1-.5-.5V8H0v2a2 2 0 0 0 2 2h2v-1.5ZM8 12v-1.5h2a.5.5 0 0 0 .5-.5V8H12v2a2 2 0 0 1-2 2H8Zm2-12a2 2 0 0 1 2 2v2h-1.5V2a.5.5 0 0 0-.5-.5H8V0h2Z\" \/>\n\t\t\t<\/svg>\n\t\t<\/button><\/figure>\n<\/div>\n","protected":false},"excerpt":{"rendered":"<p>La Porta Campanina comprende quel settore dell&#8217;abitato racchiuso fra via Consolare (da piazza del Comune a Porta Napoletana, anticamente Porta Posterula), via S. Giorgio e il perimetro delle mura civiche dalla estremit\u00e0 settentrionale di via S. Giorgio a Porta Posterula. Il rione prende il nome dalla Porta Campanina o Campagnola, menzionata la prima volta nel [&hellip;]<\/p>\n","protected":false},"author":1,"featured_media":0,"parent":0,"menu_order":0,"comment_status":"closed","ping_status":"closed","template":"","meta":{"footnotes":""},"class_list":["post-48","page","type-page","status-publish","hentry"],"_links":{"self":[{"href":"https:\/\/paliodeltributopriverno.it\/index.php?rest_route=\/wp\/v2\/pages\/48","targetHints":{"allow":["GET"]}}],"collection":[{"href":"https:\/\/paliodeltributopriverno.it\/index.php?rest_route=\/wp\/v2\/pages"}],"about":[{"href":"https:\/\/paliodeltributopriverno.it\/index.php?rest_route=\/wp\/v2\/types\/page"}],"author":[{"embeddable":true,"href":"https:\/\/paliodeltributopriverno.it\/index.php?rest_route=\/wp\/v2\/users\/1"}],"replies":[{"embeddable":true,"href":"https:\/\/paliodeltributopriverno.it\/index.php?rest_route=%2Fwp%2Fv2%2Fcomments&post=48"}],"version-history":[{"count":2,"href":"https:\/\/paliodeltributopriverno.it\/index.php?rest_route=\/wp\/v2\/pages\/48\/revisions"}],"predecessor-version":[{"id":541,"href":"https:\/\/paliodeltributopriverno.it\/index.php?rest_route=\/wp\/v2\/pages\/48\/revisions\/541"}],"wp:attachment":[{"href":"https:\/\/paliodeltributopriverno.it\/index.php?rest_route=%2Fwp%2Fv2%2Fmedia&parent=48"}],"curies":[{"name":"wp","href":"https:\/\/api.w.org\/{rel}","templated":true}]}}